{"id":3028,"date":"2020-12-11T10:16:23","date_gmt":"2020-12-11T09:16:23","guid":{"rendered":"https:\/\/www.mariscosgonzalez.com\/es\/?page_id=3028"},"modified":"2020-12-14T10:15:19","modified_gmt":"2020-12-14T09:15:19","slug":"curiosidades","status":"publish","type":"page","link":"https:\/\/www.mariscosgonzalez.com\/es\/curiosidades\/","title":{"rendered":"Curiosidades"},"content":{"rendered":"<p><div class=\"fusion-fullwidth fullwidth-box fusion-builder-row-1 fusion-flex-container fusion-parallax-none hundred-percent-fullwidth non-hundred-percent-height-scrolling lazyload\" style=\"background-color: rgba(255,255,255,0);background-position: center center;background-repeat: no-repeat;border-width: 0px 0px 0px 0px;border-color:rgba(0,0,0,0.08);border-style:solid;-webkit-background-size:cover;-moz-background-size:cover;-o-background-size:cover;background-size:cover;min-height:500px;\" data-bg=\"https:\/\/www.mariscosgonzalez.com\/es\/wp-content\/uploads\/2020\/12\/cabecera-carabinero-1.jpg\" ><div class=\"fusion-builder-row fusion-row fusion-flex-align-items-flex-start\" style=\"width:104% !important;max-width:104% !important;margin-left: calc(-4% \/ 2 );margin-right: calc(-4% \/ 2 );\"><div class=\"fusion-layout-column fusion_builder_column fusion-builder-column-0 fusion_builder_column_1_1 1_1 fusion-flex-column\"><div class=\"fusion-column-wrapper fusion-flex-justify-content-flex-start fusion-content-layout-column\" style=\"background-position:left top;background-repeat:no-repeat;-webkit-background-size:cover;-moz-background-size:cover;-o-background-size:cover;background-size:cover;padding: 0px 0px 0px 0px;\"><\/div><\/div><style type=\"text\/css\">.fusion-body .fusion-builder-column-0{width:100% !important;margin-top : 20px;margin-bottom : 20px;}.fusion-builder-column-0 > .fusion-column-wrapper {padding-top : 0px !important;padding-right : 0px !important;margin-right : 1.92%;padding-bottom : 0px !important;padding-left : 0px !important;margin-left : 1.92%;}@media only screen and (max-width:1024px) {.fusion-body .fusion-builder-column-0{width:100% !important;order : 0;}.fusion-builder-column-0 > .fusion-column-wrapper {margin-right : 1.92%;margin-left : 1.92%;}}@media only screen and (max-width:640px) {.fusion-body .fusion-builder-column-0{width:100% !important;order : 0;}.fusion-builder-column-0 > .fusion-column-wrapper {margin-right : 1.92%;margin-left : 1.92%;}}<\/style><\/div><style type=\"text\/css\">.fusion-body .fusion-flex-container.fusion-builder-row-1{ padding-top : 0px;margin-top : 0px;padding-right : 0px;padding-bottom : 0px;margin-bottom : 0px;padding-left : 0px;}@media only screen and (max-width:1024px) {.fusion-body .fusion-flex-container.fusion-builder-row-1{ padding-top : 40px;padding-right : 20px;padding-left : 20px;}}@media only screen and (max-width:640px) {.fusion-body .fusion-flex-container.fusion-builder-row-1{ padding-top : 24px;}}<\/style><\/div><div class=\"fusion-fullwidth fullwidth-box fusion-builder-row-2 fusion-flex-container hundred-percent-fullwidth non-hundred-percent-height-scrolling\" style=\"background-color: rgba(255,255,255,0);background-position: center center;background-repeat: no-repeat;border-width: 0px 0px 0px 0px;border-color:rgba(0,0,0,0.08);border-style:solid;\" ><div class=\"fusion-builder-row fusion-row fusion-flex-align-items-flex-start\" style=\"width:104% !important;max-width:104% !important;margin-left: calc(-4% \/ 2 );margin-right: calc(-4% \/ 2 );\"><div class=\"fusion-layout-column fusion_builder_column fusion-builder-column-1 fusion_builder_column_1_1 1_1 fusion-flex-column\"><div class=\"fusion-column-wrapper fusion-flex-justify-content-flex-start fusion-content-layout-column\" style=\"background-position:left top;background-repeat:no-repeat;-webkit-background-size:cover;-moz-background-size:cover;-o-background-size:cover;background-size:cover;padding: 0px 0px 0px 0px;\"><style type=\"text\/css\">@media only screen and (max-width:1024px) {.fusion-title.fusion-title-1{margin-top:12px!important;margin-bottom:24px!important;}}@media only screen and (max-width:640px) {.fusion-title.fusion-title-1{margin-top:12px!important;margin-bottom:24px!important;}}<\/style><div class=\"fusion-title title fusion-title-1 fusion-sep-none fusion-title-center fusion-title-text fusion-title-size-three\" style=\"margin-top:12px;margin-bottom:24px;\"><h3 class=\"title-heading-center\" style=\"margin:0;letter-spacing:2px;\">FAQS<\/h3><\/div><div class=\"fusion-separator\" style=\"align-self: center;margin-left: auto;margin-right: auto;width:100%;max-width:5%;\"><div class=\"fusion-separator-border sep-single sep-solid\" style=\"border-color:#004c99;border-top-width:2px;\"><\/div><\/div><\/div><\/div><style type=\"text\/css\">.fusion-body .fusion-builder-column-1{width:100% !important;margin-top : 20px;margin-bottom : 20px;}.fusion-builder-column-1 > .fusion-column-wrapper {padding-top : 0px !important;padding-right : 0px !important;margin-right : 1.92%;padding-bottom : 0px !important;padding-left : 0px !important;margin-left : 1.92%;}@media only screen and (max-width:1024px) {.fusion-body .fusion-builder-column-1{width:100% !important;order : 0;}.fusion-builder-column-1 > .fusion-column-wrapper {margin-right : 1.92%;margin-left : 1.92%;}}@media only screen and (max-width:640px) {.fusion-body .fusion-builder-column-1{width:100% !important;order : 0;}.fusion-builder-column-1 > .fusion-column-wrapper {margin-right : 1.92%;margin-left : 1.92%;}}<\/style><\/div><style type=\"text\/css\">.fusion-body .fusion-flex-container.fusion-builder-row-2{ padding-top : 0px;margin-top : 0px;padding-right : 0px;padding-bottom : 0px;margin-bottom : 0px;padding-left : 0px;}@media only screen and (max-width:1024px) {.fusion-body .fusion-flex-container.fusion-builder-row-2{ padding-top : 40px;padding-right : 20px;padding-left : 20px;}}@media only screen and (max-width:640px) {.fusion-body .fusion-flex-container.fusion-builder-row-2{ padding-top : 24px;}}<\/style><\/div><div class=\"fusion-fullwidth fullwidth-box fusion-builder-row-3 fusion-flex-container nonhundred-percent-fullwidth non-hundred-percent-height-scrolling\" style=\"background-color: rgba(255,255,255,0);background-position: center center;background-repeat: no-repeat;border-width: 0px 0px 0px 0px;border-color:rgba(0,0,0,0.08);border-style:solid;\" ><div class=\"fusion-builder-row fusion-row fusion-flex-align-items-flex-start\" style=\"max-width:1372.8px;margin-left: calc(-4% \/ 2 );margin-right: calc(-4% \/ 2 );\"><div class=\"fusion-layout-column fusion_builder_column fusion-builder-column-2 fusion_builder_column_1_1 1_1 fusion-flex-column\"><div class=\"fusion-column-wrapper fusion-flex-justify-content-flex-start fusion-content-layout-column\" style=\"background-position:left top;background-repeat:no-repeat;-webkit-background-size:cover;-moz-background-size:cover;-o-background-size:cover;background-size:cover;padding: 0px 0px 0px 0px;\"><style type=\"text\/css\">@media only screen and (max-width:1024px) {.fusion-title.fusion-title-2{margin-top:12px!important;margin-bottom:24px!important;}}@media only screen and (max-width:640px) {.fusion-title.fusion-title-2{margin-top:12px!important;margin-bottom:24px!important;}}<\/style><div class=\"fusion-title title fusion-title-2 fusion-sep-none fusion-title-text fusion-title-size-three\" style=\"font-size:24px;margin-top:12px;margin-bottom:24px;\"><h3 class=\"title-heading-left\" style=\"margin:0;font-size:1em;letter-spacing:2PX;\">MITOS SOBRE LA VERDURA CONGELADA<\/h3><\/div><div style=\"text-align:center;\"><span class=\" fusion-imageframe imageframe-none imageframe-1 hover-type-none\" style=\"border-radius:8px;width:100%;max-width:350px;\"><img width=\"728\" height=\"482\" title=\"fondo-verduras\" src=\"data:image\/svg+xml,%3Csvg%20xmlns%3D%27http%3A%2F%2Fwww.w3.org%2F2000%2Fsvg%27%20width%3D%27728%27%20height%3D%27482%27%20viewBox%3D%270%200%20728%20482%27%3E%3Crect%20width%3D%27728%27%20height%3D%273482%27%20fill-opacity%3D%220%22%2F%3E%3C%2Fsvg%3E\" data-orig-src=\"https:\/\/www.mariscosgonzalez.com\/es\/wp-content\/uploads\/2020\/12\/fondo-verduras-1.jpg\" class=\"lazyload img-responsive wp-image-3035\"\/><\/span><\/div><style type=\"text\/css\">@media only screen and (max-width:1024px) {.fusion-title.fusion-title-3{margin-top:12px!important;margin-bottom:24px!important;}}@media only screen and (max-width:640px) {.fusion-title.fusion-title-3{margin-top:12px!important;margin-bottom:24px!important;}}<\/style><div class=\"fusion-title title fusion-title-3 fusion-sep-none fusion-title-text fusion-title-size-three\" style=\"font-size:20px;margin-top:12px;margin-bottom:24px;\"><h3 class=\"title-heading-left\" style=\"margin:0;font-size:1em;letter-spacing:2PX;\">NO SON TAN SANAS COMO LAS FRESCAS<\/h3><\/div><div class=\"fusion-text fusion-text-1\"><p><strong>Falso<\/strong>. Las frutas y verduras congeladas <strong>se recogen en su punto m\u00e1ximo de maduraci\u00f3n<\/strong>, y en menos de tres horas son recogidas en el campo, llevadas a f\u00e1brica, lavadas, envasadas y ultracongeladas. De hecho, muchos estudios demuestran que no hay pr\u00e1cticamente diferencia de vitaminas entre las verduras frescar y l as ultracongeladas.<\/p>\n<\/div><style type=\"text\/css\">@media only screen and (max-width:1024px) {.fusion-title.fusion-title-4{margin-top:12px!important;margin-bottom:24px!important;}}@media only screen and (max-width:640px) {.fusion-title.fusion-title-4{margin-top:12px!important;margin-bottom:24px!important;}}<\/style><div class=\"fusion-title title fusion-title-4 fusion-sep-none fusion-title-text fusion-title-size-three\" style=\"font-size:20px;margin-top:12px;margin-bottom:24px;\"><h3 class=\"title-heading-left\" style=\"margin:0;font-size:1em;letter-spacing:2PX;\">TIENEN ADITIVOS Y CONSERVANTES<\/h3><\/div><div class=\"fusion-text fusion-text-2\"><p><strong>Falso<\/strong>. Las verduras ultracongeladas que podemos encontrar en el mercado est\u00e1s <strong>libres de conservantes y aditivos<\/strong> ya que el fr\u00edo es su m\u00e9todo natural de conservaci\u00f3n.<\/p>\n<\/div><style type=\"text\/css\">@media only screen and (max-width:1024px) {.fusion-title.fusion-title-5{margin-top:12px!important;margin-bottom:24px!important;}}@media only screen and (max-width:640px) {.fusion-title.fusion-title-5{margin-top:12px!important;margin-bottom:24px!important;}}<\/style><div class=\"fusion-title title fusion-title-5 fusion-sep-none fusion-title-text fusion-title-size-three\" style=\"font-size:20px;margin-top:12px;margin-bottom:24px;\"><h3 class=\"title-heading-left\" style=\"margin:0;font-size:1em;letter-spacing:2PX;\">COCINARLAS LLEVA TIEMPO Y ES COMPLICADO<\/h3><\/div><div class=\"fusion-text fusion-text-3\"><p><strong>Falso<\/strong>. Las verduras congeladas es un recurso pr\u00e1ctico y f\u00e1cil para mantener una alimentaci\u00f3n saludable. <strong>Est\u00e1n siempre disponibles<\/strong> y en muchas ocasiones no es necesario descongelarlas antes de cocinar.<\/p>\n<\/div><style type=\"text\/css\">@media only screen and (max-width:1024px) {.fusion-title.fusion-title-6{margin-top:12px!important;margin-bottom:24px!important;}}@media only screen and (max-width:640px) {.fusion-title.fusion-title-6{margin-top:12px!important;margin-bottom:24px!important;}}<\/style><div class=\"fusion-title title fusion-title-6 fusion-sep-none fusion-title-text fusion-title-size-three\" style=\"font-size:20px;margin-top:12px;margin-bottom:24px;\"><h3 class=\"title-heading-left\" style=\"margin:0;font-size:1em;letter-spacing:2PX;\">SE DESPERDICIA UNA GRAN CANTIDAD DE ELLAS<\/h3><\/div><div class=\"fusion-text fusion-text-4\"><p><strong>Falso<\/strong>. Las verduras congeladas nos permiten consumir la cantidad deseada y conservar el resto en el congelador, ayudando as\u00ed a reducir el desperdicio de alimentos. Seg\u00fan el Ministerio de Agricultura, Pesca y Alimentaci\u00f3n, en 2018 el desperdicio de comida y bebida en Espa\u00f1a fue de 1.339 millones de kg\/l, lo que supone un incremento del 8,9% con respecto al a\u00f1o anterior. Las frutas y las hortalizas se encuentran en los primeros puestos de los <strong>productos que m\u00e1s se desperdiciaron<\/strong>, en concreto estos productos representaron el 46% del volumen de productos sin utilizar.<\/p>\n<\/div><style type=\"text\/css\">@media only screen and (max-width:1024px) {.fusion-title.fusion-title-7{margin-top:12px!important;margin-bottom:24px!important;}}@media only screen and (max-width:640px) {.fusion-title.fusion-title-7{margin-top:12px!important;margin-bottom:24px!important;}}<\/style><div class=\"fusion-title title fusion-title-7 fusion-sep-none fusion-title-text fusion-title-size-three\" style=\"font-size:20px;margin-top:12px;margin-bottom:24px;\"><h3 class=\"title-heading-left\" style=\"margin:0;font-size:1em;letter-spacing:2PX;\">LA VERDURA CONGELADA NO CADUCA<\/h3><\/div><div class=\"fusion-text fusion-text-5\"><p><strong>Falso<\/strong>. La ultracongelaci\u00f3n aumenta considerablemente el periodo de caducidad de un alimento, sin embargo, tambi\u00e9n tienen fecha de caducidad que siempre debe indicarse en el embalaje.<strong> Su tiempo medio de conservaci\u00f3n son 24 meses.<\/strong><\/p>\n<\/div><style type=\"text\/css\">@media only screen and (max-width:1024px) {.fusion-title.fusion-title-8{margin-top:12px!important;margin-bottom:24px!important;}}@media only screen and (max-width:640px) {.fusion-title.fusion-title-8{margin-top:12px!important;margin-bottom:24px!important;}}<\/style><div class=\"fusion-title title fusion-title-8 fusion-sep-none fusion-title-text fusion-title-size-three\" style=\"font-size:20px;margin-top:12px;margin-bottom:24px;\"><h3 class=\"title-heading-left\" style=\"margin:0;font-size:1em;letter-spacing:2PX;\">DESCONGELARLAS ES DIF\u00cdCIL<\/h3><\/div><div class=\"fusion-text fusion-text-6\"><p><strong>Falso<\/strong>. En muchas ocasiones, <strong>no es necesario descongelar las verduras para cocinarlas<\/strong>. Las porciones peque\u00f1as pierden menos propiedades si no se descongelan previamente al cocinado, mientras que en las grandes este proceso es imprescindible para que la cocci\u00f3n sea uniforme. Las verduras descongeladas deben ser consumidas en el plazo de 24 horas y nunca congelar alimentos parcial o totalmente descongelados.<\/p>\n<\/div><style type=\"text\/css\">@media only screen and (max-width:1024px) {.fusion-title.fusion-title-9{margin-top:12px!important;margin-bottom:24px!important;}}@media only screen and (max-width:640px) {.fusion-title.fusion-title-9{margin-top:12px!important;margin-bottom:24px!important;}}<\/style><div class=\"fusion-title title fusion-title-9 fusion-sep-none fusion-title-text fusion-title-size-three\" style=\"font-size:20px;margin-top:12px;margin-bottom:24px;\"><h3 class=\"title-heading-left\" style=\"margin:0;font-size:1em;letter-spacing:2PX;\">NO QUEDAN TAN BIEN COMO LAS FRESCAS<\/h3><\/div><div class=\"fusion-text fusion-text-7\"><p><strong>Falso<\/strong>. Podemos utilizar cualquier forma de elaboraci\u00f3n con las verduras ultracongeladas. Sin embargo, una de las opciones m\u00e1s saludables sin tener que descongelar previamente es <strong>cocinarlas al vapor<\/strong> (las podemos tener listas en 5 minutos) <strong>o cocidas<\/strong>. Tambi\u00e9n podemos saltearlas directamente con un poco de aceite.<\/p>\n<\/div><style type=\"text\/css\">@media only screen and (max-width:1024px) {.fusion-title.fusion-title-10{margin-top:12px!important;margin-bottom:24px!important;}}@media only screen and (max-width:640px) {.fusion-title.fusion-title-10{margin-top:12px!important;margin-bottom:24px!important;}}<\/style><div class=\"fusion-title title fusion-title-10 fusion-sep-none fusion-title-text fusion-title-size-three\" style=\"font-size:20px;margin-top:12px;margin-bottom:24px;\"><h3 class=\"title-heading-left\" style=\"margin:0;font-size:1em;letter-spacing:2PX;\">OBTENEMOS MISMOS RESULTADOS CONGELANDO EN CASA<\/h3><\/div><div class=\"fusion-text fusion-text-8\"><p><strong>Falso<\/strong>. Los congeladores caseros permiten congelar alimentos frescos o preparados pero nunca a la temperatura ni en el corto periodo de tiempo del proceso de la ultracongelaci\u00f3n. Las verduras se ultracongelan a gran velocidad y de forma individual, en continuo movimiento. Las verduras se recogen en el momento \u00f3ptimo de maduraci\u00f3n, lo que permite mantener todas sus propiedades. <strong>El proceso de ultracongelaci\u00f3n se realiza con aire a -40\u00baC<\/strong>, que permite el producto alcance r\u00e1pidamente la temperatura de -20\u00baC, evitando as\u00ed roturas de tejidos y p\u00e9rdida de fluidos, lo que permite mantener todas las caracter\u00edsticas propias del producto: color, olor, sabor y textura.<\/p>\n<\/div><\/div><\/div><style type=\"text\/css\">.fusion-body .fusion-builder-column-2{width:100% !important;margin-top : 20px;margin-bottom : 20px;}.fusion-builder-column-2 > .fusion-column-wrapper {padding-top : 0px !important;padding-right : 0px !important;margin-right : 1.92%;padding-bottom : 0px !important;padding-left : 0px !important;margin-left : 1.92%;}@media only screen and (max-width:1024px) {.fusion-body .fusion-builder-column-2{width:100% !important;order : 0;}.fusion-builder-column-2 > .fusion-column-wrapper {margin-right : 1.92%;margin-left : 1.92%;}}@media only screen and (max-width:640px) {.fusion-body .fusion-builder-column-2{width:100% !important;order : 0;}.fusion-builder-column-2 > .fusion-column-wrapper {margin-right : 1.92%;margin-left : 1.92%;}}<\/style><\/div><style type=\"text\/css\">.fusion-body .fusion-flex-container.fusion-builder-row-3{ padding-top : 0px;margin-top : 0px;padding-right : 0px;padding-bottom : 0px;margin-bottom : 0px;padding-left : 0px;}@media only screen and (max-width:1024px) {.fusion-body .fusion-flex-container.fusion-builder-row-3{ padding-top : 40px;padding-right : 20px;padding-left : 20px;}}@media only screen and (max-width:640px) {.fusion-body .fusion-flex-container.fusion-builder-row-3{ padding-top : 24px;}}<\/style><\/div><div class=\"fusion-fullwidth fullwidth-box fusion-builder-row-4 fusion-flex-container nonhundred-percent-fullwidth non-hundred-percent-height-scrolling\" style=\"background-color: rgba(255,255,255,0);background-position: center center;background-repeat: no-repeat;border-width: 0px 0px 0px 0px;border-color:rgba(0,0,0,0.08);border-style:solid;\" ><div class=\"fusion-builder-row fusion-row fusion-flex-align-items-flex-start\" style=\"max-width:1372.8px;margin-left: calc(-4% \/ 2 );margin-right: calc(-4% \/ 2 );\"><div class=\"fusion-layout-column fusion_builder_column fusion-builder-column-3 fusion_builder_column_1_1 1_1 fusion-flex-column\"><div class=\"fusion-column-wrapper fusion-flex-justify-content-flex-start fusion-content-layout-column\" style=\"background-position:left top;background-repeat:no-repeat;-webkit-background-size:cover;-moz-background-size:cover;-o-background-size:cover;background-size:cover;padding: 0px 0px 0px 0px;\"><div class=\"fusion-separator fusion-full-width-sep\" style=\"align-self: center;margin-left: auto;margin-right: auto;margin-top:40px;width:100%;\"><\/div><\/div><\/div><style type=\"text\/css\">.fusion-body .fusion-builder-column-3{width:100% !important;margin-top : 20px;margin-bottom : 20px;}.fusion-builder-column-3 > .fusion-column-wrapper {padding-top : 0px !important;padding-right : 0px !important;margin-right : 1.92%;padding-bottom : 0px !important;padding-left : 0px !important;margin-left : 1.92%;}@media only screen and (max-width:1024px) {.fusion-body .fusion-builder-column-3{width:100% !important;order : 0;}.fusion-builder-column-3 > .fusion-column-wrapper {margin-right : 1.92%;margin-left : 1.92%;}}@media only screen and (max-width:640px) {.fusion-body .fusion-builder-column-3{width:100% !important;order : 0;}.fusion-builder-column-3 > .fusion-column-wrapper {margin-right : 1.92%;margin-left : 1.92%;}}<\/style><\/div><style type=\"text\/css\">.fusion-body .fusion-flex-container.fusion-builder-row-4{ padding-top : 0px;margin-top : 0px;padding-right : 0px;padding-bottom : 0px;margin-bottom : 0px;padding-left : 0px;}<\/style><\/div><\/p>\n","protected":false},"excerpt":{"rendered":"","protected":false},"author":1,"featured_media":0,"parent":0,"menu_order":0,"comment_status":"closed","ping_status":"closed","template":"100-width.php","meta":[],"_links":{"self":[{"href":"https:\/\/www.mariscosgonzalez.com\/es\/wp-json\/wp\/v2\/pages\/3028"}],"collection":[{"href":"https:\/\/www.mariscosgonzalez.com\/es\/wp-json\/wp\/v2\/pages"}],"about":[{"href":"https:\/\/www.mariscosgonzalez.com\/es\/wp-json\/wp\/v2\/types\/page"}],"author":[{"embeddable":true,"href":"https:\/\/www.mariscosgonzalez.com\/es\/wp-json\/wp\/v2\/users\/1"}],"replies":[{"embeddable":true,"href":"https:\/\/www.mariscosgonzalez.com\/es\/wp-json\/wp\/v2\/comments?post=3028"}],"version-history":[{"count":6,"href":"https:\/\/www.mariscosgonzalez.com\/es\/wp-json\/wp\/v2\/pages\/3028\/revisions"}],"predecessor-version":[{"id":3050,"href":"https:\/\/www.mariscosgonzalez.com\/es\/wp-json\/wp\/v2\/pages\/3028\/revisions\/3050"}],"wp:attachment":[{"href":"https:\/\/www.mariscosgonzalez.com\/es\/wp-json\/wp\/v2\/media?parent=3028"}],"curies":[{"name":"wp","href":"https:\/\/api.w.org\/{rel}","templated":true}]}}